{"id":2879,"date":"2015-10-13T11:18:06","date_gmt":"2015-10-13T09:18:06","guid":{"rendered":"https:\/\/thedignifiedself.com\/de\/?page_id=2879"},"modified":"2022-07-21T13:37:14","modified_gmt":"2022-07-21T11:37:14","slug":"hallo-und-herzlich-willkommen-bei-the-dignified-self","status":"publish","type":"page","link":"https:\/\/thedignifiedself.com\/de\/hallo-und-herzlich-willkommen-bei-the-dignified-self\/","title":{"rendered":"Hallo und herzlich willkommen bei THE DIGNIFIED SELF!"},"content":{"rendered":"<p>Danke, dass Du unseren Newsletter abonniert hast und unsere Mission rund um mehr Achtsamkeit und Agilit\u00e4t in der digitalen Zeit unterst\u00fctzt.<\/p>\n<p><a href=\"https:\/\/thedignifiedself.com\/content\/uploads\/sites\/2\/2015\/10\/Charlie-Chaplin.jpeg\"><img loading=\"lazy\" decoding=\"async\" class=\"alignright size-full wp-image-2889\" src=\"https:\/\/thedignifiedself.com\/content\/uploads\/sites\/2\/2015\/10\/Charlie-Chaplin.jpeg\" alt=\"Charlie Chaplin\" width=\"240\" height=\"240\" srcset=\"https:\/\/thedignifiedself.com\/content\/uploads\/sites\/2\/2015\/10\/Charlie-Chaplin.jpeg 240w, https:\/\/thedignifiedself.com\/content\/uploads\/sites\/2\/2015\/10\/Charlie-Chaplin-150x150.jpeg 150w, https:\/\/thedignifiedself.com\/content\/uploads\/sites\/2\/2015\/10\/Charlie-Chaplin-50x50.jpeg 50w\" sizes=\"auto, (max-width: 240px) 100vw, 240px\" \/><\/a>Als Gr\u00fcnderin und Leiterin von THE DIGNIFIED SELF habe ich ein kleines Dankesch\u00f6n als Begr\u00fc\u00dfungsgeschenk f\u00fcr Dich.\u00a0Ich lese Dir ein Gedicht vor, das mich pers\u00f6nlich inspiriert. Es ist ein Gedicht vom gro\u00dfen Schauspieler, Regisseur, Komponist und Komiker <a href=\"https:\/\/de.wikipedia.org\/wiki\/Charlie_Chaplin\">Charlie Chaplin<\/a> \u00fcber die Selbstliebe, welches er anl\u00e4sslich seines 70.Geburtstages geschrieben hat.<\/p>\n<p>Ich habe dieses Gedicht schon oft gelesen in meinem Leben und immer wieder etwas Neues f\u00fcr mich daraus ziehen k\u00f6nnen.\u00a0Irgendwie sind mir diese Zeilen auch immer im richtigen Moment begegnet. Ich hoffe, auch Dir mit diesem Gedicht eine kleine Freude machen zu k\u00f6nnen.<\/p>\n<p>Bis dahin..bleib dabei, genie\u00dfe es und bleib DIGNIFIED!<\/p>\n<h3>Gedicht \u201eSelbstliebe\u201c von Charlie Chaplin &#8211; gesprochen von Lilian G\u00fcntsche<\/h3>\n<!--[if lt IE 9]><script>document.createElement('audio');<\/script><![endif]-->\n<audio class=\"wp-audio-shortcode\" id=\"audio-2879-1\" preload=\"none\" style=\"width: 100%;\" controls=\"controls\"><source type=\"audio\/mpeg\" src=\"https:\/\/thedignifiedself.com\/content\/uploads\/sites\/2\/2015\/07\/newsletter-gedicht_de-jingle.mp3?_=1\" \/><a href=\"https:\/\/thedignifiedself.com\/content\/uploads\/sites\/2\/2015\/07\/newsletter-gedicht_de-jingle.mp3\">https:\/\/thedignifiedself.com\/content\/uploads\/sites\/2\/2015\/07\/newsletter-gedicht_de-jingle.mp3<\/a><\/audio>\n<p>&nbsp;<\/p>\n<p>F\u00fcr alle, die es lieber lesen m\u00f6chten, haben wir es \u00a0hier noch einmal als pdf zum Download:\u00a0<a href=\"https:\/\/thedignifiedself.com\/content\/uploads\/sites\/2\/2015\/10\/CharlieChaplin_Selbstliebe.pdf\">CharlieChaplin: Selbstliebe<\/a><\/p>\n<p>Beste Gr\u00fc\u00dfe<br \/>\nDeine Lilian G\u00fcntsche &amp; das THE DIGNIFIED SELF\u00ae Team<\/p>\n<p>Bildquelle: Shutterstock<\/p>\n","protected":false},"excerpt":{"rendered":"<p>Danke, dass Du unseren Newsletter abonniert hast und unsere Mission rund um mehr Achtsamkeit und Agilit\u00e4t in der digitalen Zeit unterst\u00fctzt. Als Gr\u00fcnderin und Leiterin von THE DIGNIFIED SELF habe ich ein kleines Dankesch\u00f6n als Begr\u00fc\u00dfungsgeschenk f\u00fcr Dich.\u00a0Ich lese Dir ein Gedicht vor, das mich pers\u00f6nlich inspiriert. Es ist ein Gedicht vom gro\u00dfen Schauspieler, Regisseur, [&#8230;]<\/p>\n<p><a class=\"btn btn-sm btn-ghost btn-orange understrap-read-more-link\" href=\"https:\/\/thedignifiedself.com\/de\/hallo-und-herzlich-willkommen-bei-the-dignified-self\/\">Weiterlesen<\/a><\/p>\n","protected":false},"author":3,"featured_media":0,"parent":0,"menu_order":0,"comment_status":"closed","ping_status":"closed","template":"","meta":{"_acf_changed":false,"footnotes":""},"class_list":["post-2879","page","type-page","status-publish","hentry"],"acf":[],"aioseo_notices":[],"_links":{"self":[{"href":"https:\/\/thedignifiedself.com\/de\/wp-json\/wp\/v2\/pages\/2879","targetHints":{"allow":["GET"]}}],"collection":[{"href":"https:\/\/thedignifiedself.com\/de\/wp-json\/wp\/v2\/pages"}],"about":[{"href":"https:\/\/thedignifiedself.com\/de\/wp-json\/wp\/v2\/types\/page"}],"author":[{"embeddable":true,"href":"https:\/\/thedignifiedself.com\/de\/wp-json\/wp\/v2\/users\/3"}],"replies":[{"embeddable":true,"href":"https:\/\/thedignifiedself.com\/de\/wp-json\/wp\/v2\/comments?post=2879"}],"version-history":[{"count":10,"href":"https:\/\/thedignifiedself.com\/de\/wp-json\/wp\/v2\/pages\/2879\/revisions"}],"predecessor-version":[{"id":16183,"href":"https:\/\/thedignifiedself.com\/de\/wp-json\/wp\/v2\/pages\/2879\/revisions\/16183"}],"wp:attachment":[{"href":"https:\/\/thedignifiedself.com\/de\/wp-json\/wp\/v2\/media?parent=2879"}],"curies":[{"name":"wp","href":"https:\/\/api.w.org\/{rel}","templated":true}]}}