{"id":2161,"date":"2015-07-17T10:58:15","date_gmt":"2015-07-17T08:58:15","guid":{"rendered":"https:\/\/thedignifiedself.com\/de\/?page_id=2161"},"modified":"2019-10-13T16:43:11","modified_gmt":"2019-10-13T14:43:11","slug":"newsletter","status":"publish","type":"page","link":"https:\/\/thedignifiedself.com\/de\/newsletter\/","title":{"rendered":"Newsletter"},"content":{"rendered":"<p style=\"text-align: center;\">Du m\u00f6chtest mit uns in Verbindung bleiben und m\u00f6chtest nichts mehr von <strong>THE DIGNIFIED SELF<\/strong> verpassen? Trage Dich einfach in unseren Newsletter ein. Wir freuen uns auf viele\u00a0DIGNIFIED Momente mit Dir.<\/p>\n<p style=\"text-align: center;\">Mit unserer Best\u00e4tigungmail erh\u00e4ltst Du einen Link zu einem kleinen Dankesch\u00f6n. Hab Spa\u00df damit und bleib DIGNIFIED!<\/p>\n<div class=\"row\">\n<div class=\"col-md-4 mx-auto\">\n    <script>(function() {\n\twindow.mc4wp = window.mc4wp || {\n\t\tlisteners: [],\n\t\tforms: {\n\t\t\ton: function(evt, cb) {\n\t\t\t\twindow.mc4wp.listeners.push(\n\t\t\t\t\t{\n\t\t\t\t\t\tevent   : evt,\n\t\t\t\t\t\tcallback: cb\n\t\t\t\t\t}\n\t\t\t\t);\n\t\t\t}\n\t\t}\n\t}\n})();\n<\/script><!-- Mailchimp for WordPress v4.10.6 - https:\/\/wordpress.org\/plugins\/mailchimp-for-wp\/ --><form id=\"mc4wp-form-1\" class=\"mc4wp-form mc4wp-form-16185\" method=\"post\" data-id=\"16185\" data-name=\"Widget\" ><div class=\"mc4wp-form-fields\"><div class=\"mc4wp-response\"><\/div>\r\n<label for=\"inputName\" class=\"sr-only\">Vorname<\/label>\r\n<input type=\"text\" name=\"FNAME\" id=\"inputName\" placeholder=\"Vorname\" required \/>\r\n\r\n\r\n<label for=\"inputMail\" class=\"sr-only\">E-Mail Addresse<\/label> \r\n<input type=\"email\" name=\"EMAIL\" id=\"inputMail\" placeholder=\"E-Mail Addresse\" required \/>\r\n\r\n<div class=\"form-check\">\r\n  <input id=\"kenntnisnahme\" class=\"form-check-input\" name=\"kenntnisnahme\" required=\"\" type=\"checkbox\" value=\"Zur Kenntnis genommen\"> \r\n  <small>Informationen zu den Inhalten, der Protokollierung Ihrer Anmeldung, den Versand \u00fcber den US-Anbieter MailChimp, statistische Auswertung sowie Ihre Abbestellm\u00f6glichkeiten erhalten Sie in der <a href=\"https:\/\/thedignifiedself.com\/de\/datenschutz\/\">Datenschutzerkl\u00e4rung<\/a>.<\/small>\r\n<\/div>\r\n<br>\r\n<input type=\"submit\" value=\"Eintragen\" class=\"btn btn-white btn-ghost\" \/>\r\n\r\n\r\n<\/div><label style=\"display: none !important;\">Wenn du ein Mensch bist, lasse das Feld leer: <input type=\"text\" name=\"_mc4wp_honeypot\" value=\"\" tabindex=\"-1\" autocomplete=\"off\" \/><\/label><input type=\"hidden\" name=\"_mc4wp_timestamp\" value=\"1775669370\" \/><input type=\"hidden\" name=\"_mc4wp_form_id\" value=\"16185\" \/><input type=\"hidden\" name=\"_mc4wp_form_element_id\" value=\"mc4wp-form-1\" \/><\/form><!-- \/ Mailchimp for WordPress Plugin -->\n  <\/div>\n<\/div>\n","protected":false},"excerpt":{"rendered":"<p>Du m\u00f6chtest mit uns in Verbindung bleiben und m\u00f6chtest nichts mehr von THE DIGNIFIED SELF verpassen? Trage Dich einfach in unseren Newsletter ein. Wir freuen uns auf viele\u00a0DIGNIFIED Momente mit Dir. Mit unserer Best\u00e4tigungmail erh\u00e4ltst Du einen Link zu einem kleinen Dankesch\u00f6n. Hab Spa\u00df damit und bleib DIGNIFIED! [&#8230;]<\/p>\n<p><a class=\"btn btn-sm btn-ghost btn-orange understrap-read-more-link\" href=\"https:\/\/thedignifiedself.com\/de\/newsletter\/\">Weiterlesen<\/a><\/p>\n","protected":false},"author":3,"featured_media":0,"parent":0,"menu_order":0,"comment_status":"closed","ping_status":"open","template":"","meta":{"_acf_changed":false,"footnotes":""},"class_list":["post-2161","page","type-page","status-publish","hentry"],"acf":[],"aioseo_notices":[],"_links":{"self":[{"href":"https:\/\/thedignifiedself.com\/de\/wp-json\/wp\/v2\/pages\/2161","targetHints":{"allow":["GET"]}}],"collection":[{"href":"https:\/\/thedignifiedself.com\/de\/wp-json\/wp\/v2\/pages"}],"about":[{"href":"https:\/\/thedignifiedself.com\/de\/wp-json\/wp\/v2\/types\/page"}],"author":[{"embeddable":true,"href":"https:\/\/thedignifiedself.com\/de\/wp-json\/wp\/v2\/users\/3"}],"replies":[{"embeddable":true,"href":"https:\/\/thedignifiedself.com\/de\/wp-json\/wp\/v2\/comments?post=2161"}],"version-history":[{"count":11,"href":"https:\/\/thedignifiedself.com\/de\/wp-json\/wp\/v2\/pages\/2161\/revisions"}],"predecessor-version":[{"id":16188,"href":"https:\/\/thedignifiedself.com\/de\/wp-json\/wp\/v2\/pages\/2161\/revisions\/16188"}],"wp:attachment":[{"href":"https:\/\/thedignifiedself.com\/de\/wp-json\/wp\/v2\/media?parent=2161"}],"curies":[{"name":"wp","href":"https:\/\/api.w.org\/{rel}","templated":true}]}}