{"id":1712,"date":"2015-05-27T01:06:11","date_gmt":"2015-05-26T23:06:11","guid":{"rendered":"http:\/\/tds.tarcgn.de\/?page_id=1712"},"modified":"2024-04-22T11:43:05","modified_gmt":"2024-04-22T09:43:05","slug":"impressum","status":"publish","type":"page","link":"https:\/\/thedignifiedself.com\/de\/impressum\/","title":{"rendered":"Impressum"},"content":{"rendered":"<h2>Impressum<\/h2>\n<h4>Angaben Gem\u00e4\u00df \u00a7 5 TM<\/h4>\n<p><span class=\"s1\">THE DIGNIFIED SELF\u00ae<\/span><\/p>\n<p><span class=\"s1\">Gr\u00fcndung 02\/2015, Berlin<\/span><\/p>\n<h4>Verantwortlicher im Sinne des \u00a7 55 Abs. 2 RstV:<\/h4>\n<p class=\"p1\"><span class=\"s1\">THE DIGNIFIED SELF<br \/>\n<\/span><span class=\"s1\">c\/o Dipl.Medien-Oek. Lilian G\u00fcntsche-Hilgendag\u00a0 (Inhaberin und Leitung)<\/span><br \/>\nElse-Lasker-Sch\u00fcler-Str. 16,<br \/>\n10783 Berlin (Germany)<\/p>\n<h4>KONTAKT<\/h4>\n<p>Telefon: +4915253637810<br \/>\nE-Mail: <a href=\"\/de\/kontakt\/\"  class=\"mailcrypt\">info<span><span>\u2202<\/span><\/span>thedignifiedself.com<\/a><\/p>\n<h4>UMSATZSTEUER:<\/h4>\n<p>Umsatzsteuer-Identifikationsnummer\u00a0gem\u00e4\u00df \u00a727 a Umsatzsteuergesetz:\u00a096 563 874 207<\/p>\n<h4>BERUFSBEZEICHNUNG\u00a0UND BERUFSRECHTLICHE REGELUNGEN<\/h4>\n<p>Berufsbezeichnung: Management Consultant<br \/>\nVerliehen durch: Deutschland<br \/>\nRegelungen einsehbar unter:\u00a0<a href=\"http:\/\/ec.europa.eu\/growth\/toolsdatabases\/regprof\/index.cfm?action=profession&amp;id_profession=5010\" target=\"_blank\" rel=\"noopener noreferrer\">http:\/\/ec.europa.eu\/growth\/toolsdatabases\/regprof\/index.cfm?action=profession&amp;id_profession=5010<\/a><\/p>\n<h4>STREITSCHLICHTUNG<\/h4>\n<p>Die Europ\u00e4ische Kommission stellt eine Plattform zur Online-Streitbeilegung (OS) bereit:\u00a0<a href=\"https:\/\/ec.europa.eu\/consumers\/odr\" target=\"_blank\" rel=\"noopener noreferrer\">https:\/\/ec.europa.eu\/consumers\/odr<\/a><br \/>\nUnsere E-Mail-Adresse finden Sie oben im\u00a0Impressum.<\/p>\n<p>Wir sind nicht bereit oder verpflichtet, an Streitbeilegungsverfahren vor einer\u00a0Verbraucherschlichtungsstelle teilzunehmen.<\/p>\n<h4>HAFTUNG F\u00dcR INHALTE<\/h4>\n<p><span class=\"s1\">Die auf diesen Seiten enthaltenen Beitr\u00e4ge dienen lediglich der Information. Die auf diesen Seiten erstellten Inhalte unterliegen dem deutschen Urheberrecht. Downloads und Kopien dieser Seiten sind nur f\u00fcr den privaten, nicht kommerziellen Gebrauch gestattet. Die Nutzung der Kontaktdaten zur unaufgeforderten \u00dcbersendung von Werbematerial ist untersagt. <\/span><\/p>\n<p>Als\u00a0Diensteanbieter sind wir gem\u00e4\u00df \u00a7 7 Abs.1 TMG f\u00fcr eigene Inhalte auf diesen Seiten\u00a0nach den allgemeinen Gesetzen verantwortlich. Nach \u00a7\u00a7 8 bis 10 TMG sind wir als<br \/>\nDiensteanbieter jedoch nicht verpflichtet, \u00fcbermittelte oder gespeicherte fremde Informationen zu\u00a0\u00fcberwachen oder nach Umst\u00e4nden zu forschen, die auf eine rechtswidrige T\u00e4tigkeit\u00a0hinweisen.<\/p>\n<p>Verpflichtungen zur Entfernung oder Sperrung der Nutzung von Informationen nach\u00a0den allgemeinen Gesetzen bleiben hiervon unber\u00fchrt. Eine diesbez\u00fcgliche Haftung ist jedoch\u00a0erst ab dem Zeitpunkt der Kenntnis einer konkreten Rechtsverletzung m\u00f6glich. Bei Bekanntwerden\u00a0von entsprechenden Rechtsverletzungen werden wir diese Inhalte umgehend entfernen.<\/p>\n<h4>HAFTUNG F\u00dcR LINKS<\/h4>\n<p>Unser Angebot enth\u00e4lt Links zu externen Websites Dritter, auf\u00a0deren Inhalte wir keinen Einfluss haben. Deshalb k\u00f6nnen wir f\u00fcr diese fremden Inhalte und Links auch\u00a0keine Gew\u00e4hr \u00fcbernehmen. F\u00fcr die Inhalte der verlinkten Seiten ist stets der jeweilige\u00a0Anbieter oder Betreiber der Seiten verantwortlich. Die verlinkten Seiten wurden zum Zeitpunkt der\u00a0Verlinkung auf m\u00f6gliche Rechtsverst\u00f6\u00dfe \u00fcberpr\u00fcft. Rechtswidrige Inhalte\u00a0waren zum Zeitpunkt der Verlinkung nicht erkennbar.<\/p>\n<p>Eine permanente inhaltliche Kontrolle der\u00a0verlinkten Seiten ist jedoch ohne konkrete Anhaltspunkte einer Rechtsverletzung nicht zumutbar. Bei\u00a0Bekanntwerden von Rechtsverletzungen werden wir derartige Links umgehend entfernen.<\/p>\n<h4>URHEBERRECHT<\/h4>\n<p>Die durch die Seitenbetreiber erstellten Inhalte und Werke auf diesen Seiten\u00a0unterliegen dem deutschen Urheberrecht. Die Vervielf\u00e4ltigung, Bearbeitung, Verbreitung und jede\u00a0Art der Verwertung au\u00dferhalb der Grenzen des Urheberrechtes bed\u00fcrfen der schriftlichen\u00a0Zustimmung des jeweiligen Autors bzw. Erstellers. Downloads und Kopien dieser Seite sind nur f\u00fcr\u00a0den privaten, nicht kommerziellen Gebrauch gestattet.<\/p>\n<p>Soweit die Inhalte auf dieser Seite nicht\u00a0vom Betreiber erstellt wurden, werden die Urheberrechte Dritter beachtet. Insbesondere werden Inhalte\u00a0Dritter als solche gekennzeichnet. Sollten Sie trotzdem auf eine Urheberrechtsverletzung aufmerksam\u00a0werden, bitten wir um einen entsprechenden Hinweis. Bei Bekanntwerden von Rechtsverletzungen\u00a0werden wir derartige Inhalte umgehend entfernen.<\/p>\n<p>Quelle:\u00a0<a href=\"https:\/\/www.erecht24.%20de\/\">eRecht24<\/a><\/p>\n<p>Bitte sehen Sie auch unsere <a href=\"https:\/\/thedignifiedself.com\/de\/hallo-und-herzlich-willkommen-bei-the-dignified-self\/datenschutz\/\">Datenschutzerkl\u00e4rung<\/a>.<\/p>\n<p>&nbsp;<\/p>\n","protected":false},"excerpt":{"rendered":"<p>Impressum Angaben Gem\u00e4\u00df \u00a7 5 TM THE DIGNIFIED SELF\u00ae Gr\u00fcndung 02\/2015, Berlin Verantwortlicher im Sinne des \u00a7 55 Abs. 2 RstV: THE DIGNIFIED SELF c\/o Dipl.Medien-Oek. Lilian G\u00fcntsche-Hilgendag\u00a0 (Inhaberin und Leitung) Else-Lasker-Sch\u00fcler-Str. 16, 10783 Berlin (Germany) KONTAKT Telefon: +4915253637810 E-Mail: info\u2202thedignifiedself.com UMSATZSTEUER: Umsatzsteuer-Identifikationsnummer\u00a0gem\u00e4\u00df \u00a727 a Umsatzsteuergesetz:\u00a096 563 874 207 BERUFSBEZEICHNUNG\u00a0UND BERUFSRECHTLICHE REGELUNGEN Berufsbezeichnung: Management Consultant [&#8230;]<\/p>\n<p><a class=\"btn btn-sm btn-ghost btn-orange understrap-read-more-link\" href=\"https:\/\/thedignifiedself.com\/de\/impressum\/\">Weiterlesen<\/a><\/p>\n","protected":false},"author":4,"featured_media":0,"parent":0,"menu_order":0,"comment_status":"closed","ping_status":"closed","template":"","meta":{"_acf_changed":false,"footnotes":""},"class_list":["post-1712","page","type-page","status-publish","hentry"],"acf":[],"aioseo_notices":[],"_links":{"self":[{"href":"https:\/\/thedignifiedself.com\/de\/wp-json\/wp\/v2\/pages\/1712","targetHints":{"allow":["GET"]}}],"collection":[{"href":"https:\/\/thedignifiedself.com\/de\/wp-json\/wp\/v2\/pages"}],"about":[{"href":"https:\/\/thedignifiedself.com\/de\/wp-json\/wp\/v2\/types\/page"}],"author":[{"embeddable":true,"href":"https:\/\/thedignifiedself.com\/de\/wp-json\/wp\/v2\/users\/4"}],"replies":[{"embeddable":true,"href":"https:\/\/thedignifiedself.com\/de\/wp-json\/wp\/v2\/comments?post=1712"}],"version-history":[{"count":10,"href":"https:\/\/thedignifiedself.com\/de\/wp-json\/wp\/v2\/pages\/1712\/revisions"}],"predecessor-version":[{"id":16324,"href":"https:\/\/thedignifiedself.com\/de\/wp-json\/wp\/v2\/pages\/1712\/revisions\/16324"}],"wp:attachment":[{"href":"https:\/\/thedignifiedself.com\/de\/wp-json\/wp\/v2\/media?parent=1712"}],"curies":[{"name":"wp","href":"https:\/\/api.w.org\/{rel}","templated":true}]}}